{"id":35,"date":"2025-08-02T11:26:06","date_gmt":"2025-08-02T11:26:06","guid":{"rendered":"https:\/\/sneakycoins.com\/?page_id=35"},"modified":"2025-08-02T11:26:09","modified_gmt":"2025-08-02T11:26:09","slug":"startseite","status":"publish","type":"page","link":"https:\/\/sneakycoins.com\/?page_id=35","title":{"rendered":"Startseite"},"content":{"rendered":"\t\t<div data-elementor-type=\"wp-page\" data-elementor-id=\"35\" class=\"elementor elementor-35\" data-elementor-post-type=\"page\">\n\t\t\t\t<div class=\"elementor-element elementor-element-3ebff5da e-con-full e-flex e-con e-parent\" data-id=\"3ebff5da\" data-element_type=\"container\">\n\t\t\t\t<div class=\"elementor-element elementor-element-6d52efa6 elementor--h-position-center elementor--v-position-middle elementor-arrows-position-inside elementor-pagination-position-inside elementor-widget elementor-widget-slides\" data-id=\"6d52efa6\" data-element_type=\"widget\" data-settings=\"{&quot;transition&quot;:&quot;sanft&quot;,&quot;navigation&quot;:&quot;both&quot;,&quot;autoplay&quot;:&quot;yes&quot;,&quot;pause_on_hover&quot;:&quot;yes&quot;,&quot;pause_on_interaction&quot;:&quot;yes&quot;,&quot;autoplay_speed&quot;:5000,&quot;infinite&quot;:&quot;yes&quot;,&quot;transition_speed&quot;:500}\" data-widget_type=\"slides.default\">\n\t\t\t\t<div class=\"elementor-widget-container\">\n\t\t\t\t\t\t\t\t\t<div class=\"elementor-swiper\">\n\t\t\t\t\t<div class=\"elementor-slides-wrapper elementor-main-swiper swiper\" role=\"region\" aria-roledescription=\"carousel\" aria-label=\"Slides\" dir=\"ltr\" data-animation=\"\">\n\t\t\t\t<div class=\"swiper-wrapper elementor-slides\">\n\t\t\t\t\t\t\t\t\t\t<div class=\"elementor-repeater-item-3258816 swiper-slide\" role=\"group\" aria-roledescription=\"slide\"><div class=\"swiper-slide-bg\" role=\"img\"><\/div><div class=\"elementor-background-overlay\"><\/div><div class=\"swiper-slide-inner\" ><div class=\"swiper-slide-contents\"><h1 class=\"elementor-slide-heading\">Entdecke die Welt mit Mia<\/h1><div class=\"elementor-slide-description\">Willkommen in Mias Abenteuerwelt! Hier findest du inspirierende Geschichten und n\u00fctzliche Tipps f\u00fcr deine Reisen.<\/div><div  class=\"elementor-button elementor-slide-button elementor-size-sm\">Erfahre mehr<\/div><\/div><\/div><\/div><div class=\"elementor-repeater-item-77026da swiper-slide\" role=\"group\" aria-roledescription=\"slide\"><div class=\"swiper-slide-bg\" role=\"img\"><\/div><div class=\"elementor-background-overlay\"><\/div><div class=\"swiper-slide-inner\" ><div class=\"swiper-slide-contents\"><h1 class=\"elementor-slide-heading\">Budgetfreundliche Tipps<\/h1><div class=\"elementor-slide-description\">Lerne, wie du das Beste aus deinem Budget herausholst und unvergessliche Erlebnisse sammelst.<\/div><div  class=\"elementor-button elementor-slide-button elementor-size-sm\">Mehr erfahren<\/div><\/div><\/div><\/div><div class=\"elementor-repeater-item-2cf2cfd swiper-slide\" role=\"group\" aria-roledescription=\"slide\"><div class=\"swiper-slide-bg\" role=\"img\"><\/div><div class=\"elementor-background-overlay\"><\/div><div class=\"swiper-slide-inner\" ><div class=\"swiper-slide-contents\"><h1 class=\"elementor-slide-heading\">Werde Teil der Abenteuer<\/h1><div class=\"elementor-slide-description\">Begleite Mia auf ihren Reisen und erlebe die Freiheit des Alleinreisens. Es gibt so viel zu entdecken.<\/div><div  class=\"elementor-button elementor-slide-button elementor-size-sm\">Jetzt entdeckern!<\/div><\/div><\/div><\/div>\t\t\t\t<\/div>\n\t\t\t\t\t\t\t\t\t\t\t\t\t\t\t<div class=\"elementor-swiper-button elementor-swiper-button-prev\" role=\"button\" tabindex=\"0\" aria-label=\"Previous slide\">\n\t\t\t\t\t\t\t<svg aria-hidden=\"true\" class=\"e-font-icon-svg e-eicon-chevron-left\" viewBox=\"0 0 1000 1000\" xmlns=\"http:\/\/www.w3.org\/2000\/svg\"><path d=\"M646 125C629 125 613 133 604 142L308 442C296 454 292 471 292 487 292 504 296 521 308 533L604 854C617 867 629 875 646 875 663 875 679 871 692 858 704 846 713 829 713 812 713 796 708 779 692 767L438 487 692 225C700 217 708 204 708 187 708 171 704 154 692 142 675 129 663 125 646 125Z\"><\/path><\/svg>\t\t\t\t\t\t<\/div>\n\t\t\t\t\t\t<div class=\"elementor-swiper-button elementor-swiper-button-next\" role=\"button\" tabindex=\"0\" aria-label=\"Next slide\">\n\t\t\t\t\t\t\t<svg aria-hidden=\"true\" class=\"e-font-icon-svg e-eicon-chevron-right\" viewBox=\"0 0 1000 1000\" xmlns=\"http:\/\/www.w3.org\/2000\/svg\"><path d=\"M696 533C708 521 713 504 713 487 713 471 708 454 696 446L400 146C388 133 375 125 354 125 338 125 325 129 313 142 300 154 292 171 292 187 292 204 296 221 308 233L563 492 304 771C292 783 288 800 288 817 288 833 296 850 308 863 321 871 338 875 354 875 371 875 388 867 400 854L696 533Z\"><\/path><\/svg>\t\t\t\t\t\t<\/div>\n\t\t\t\t\t\t\t\t\t\t\t\t\t\t\t\t<div class=\"swiper-pagination\"><\/div>\n\t\t\t\t\t\t\t\t\t\t\t\t<\/div>\n\t\t\t\t<\/div>\n\t\t\t\t\t\t\t\t<\/div>\n\t\t\t\t<\/div>\n\t\t\t\t<\/div>\n\t\t<div class=\"elementor-element elementor-element-2852ac79 e-flex e-con-boxed e-con e-parent\" data-id=\"2852ac79\" data-element_type=\"container\">\n\t\t\t\t\t<div class=\"e-con-inner\">\n\t\t<div class=\"elementor-element elementor-element-2c8c2100 e-con-full e-flex e-con e-child\" data-id=\"2c8c2100\" data-element_type=\"container\">\n\t\t\t\t<\/div>\n\t\t<div class=\"elementor-element elementor-element-76344f13 e-con-full e-flex e-con e-child\" data-id=\"76344f13\" data-element_type=\"container\">\n\t\t\t\t<div class=\"elementor-element elementor-element-5deac987 elementor-widget elementor-widget-heading\" data-id=\"5deac987\" data-element_type=\"widget\" data-widget_type=\"heading.default\">\n\t\t\t\t<div class=\"elementor-widget-container\">\n\t\t\t\t\t<h1 class=\"elementor-heading-title elementor-size-default\">Unsere Mission<\/h1>\t\t\t\t<\/div>\n\t\t\t\t<\/div>\n\t\t\t\t<div class=\"elementor-element elementor-element-5d627144 elementor-widget elementor-widget-text-editor\" data-id=\"5d627144\" data-element_type=\"widget\" data-widget_type=\"text-editor.default\">\n\t\t\t\t<div class=\"elementor-widget-container\">\n\t\t\t\t\t\t\t\t\tBei Mia&#8217;s Abenteuerreisen geht es darum, jeder Reise ein besonderes Erlebnis zu geben. Wir glauben an die Kraft des Reisens, um neue Perspektiven zu gewinnen und das Leben in vollen Z\u00fcgen zu genie\u00dfen. Unsere Leidenschaft ist es, jungen Menschen zu zeigen, dass spannende Abenteuer auch mit einem kleinen Budget m\u00f6glich sind.\t\t\t\t\t\t\t\t<\/div>\n\t\t\t\t<\/div>\n\t\t\t\t<\/div>\n\t\t\t\t\t<\/div>\n\t\t\t\t<\/div>\n\t\t<div class=\"elementor-element elementor-element-70370a6a e-flex e-con-boxed e-con e-parent\" data-id=\"70370a6a\" data-element_type=\"container\" data-settings=\"{&quot;background_background&quot;:&quot;classic&quot;}\">\n\t\t\t\t\t<div class=\"e-con-inner\">\n\t\t<div class=\"elementor-element elementor-element-38bc588 e-con-full e-flex e-con e-child\" data-id=\"38bc588\" data-element_type=\"container\">\n\t\t\t\t<\/div>\n\t\t<div class=\"elementor-element elementor-element-f0dcaec e-con-full e-flex e-con e-child\" data-id=\"f0dcaec\" data-element_type=\"container\">\n\t\t\t\t<div class=\"elementor-element elementor-element-15c585fb elementor-widget elementor-widget-heading\" data-id=\"15c585fb\" data-element_type=\"widget\" data-widget_type=\"heading.default\">\n\t\t\t\t<div class=\"elementor-widget-container\">\n\t\t\t\t\t<h2 class=\"elementor-heading-title elementor-size-default\">Beliebte Reiseziele<\/h2>\t\t\t\t<\/div>\n\t\t\t\t<\/div>\n\t\t\t\t<div class=\"elementor-element elementor-element-7f93d8ba elementor-widget elementor-widget-text-editor\" data-id=\"7f93d8ba\" data-element_type=\"widget\" data-widget_type=\"text-editor.default\">\n\t\t\t\t<div class=\"elementor-widget-container\">\n\t\t\t\t\t\t\t\t\t<p>Hier stellen wir einige von Mias Lieblingszielen vor, die sie auf ihren Abenteuern entdeckt hat. Erfahre mehr \u00fcber faszinierende Orte und hol dir Inspiration f\u00fcr deine n\u00e4chste Reise!<\/p><p>Jedes Ziel zeigt nicht nur atemberaubende Bilder, sondern auch spannende Geschichten und n\u00fctzliche Tipps, die dir helfen, das Beste aus deinem Abenteuer herauszuholen. Lass dich von Mias Erlebnissen inspirieren und finde neue Perspektiven f\u00fcr deine Reisen \u2013 alles im Rahmen eines Budgets.<\/p>\t\t\t\t\t\t\t\t<\/div>\n\t\t\t\t<\/div>\n\t\t\t\t<\/div>\n\t\t\t\t\t<\/div>\n\t\t\t\t<\/div>\n\t\t<div class=\"elementor-element elementor-element-666e124d e-flex e-con-boxed e-con e-parent\" data-id=\"666e124d\" data-element_type=\"container\">\n\t\t\t\t\t<div class=\"e-con-inner\">\n\t\t<div class=\"elementor-element elementor-element-6bdc2d0d e-con-full e-flex e-con e-child\" data-id=\"6bdc2d0d\" data-element_type=\"container\">\n\t\t\t\t<div class=\"elementor-element elementor-element-58a6db3 elementor-widget elementor-widget-heading\" data-id=\"58a6db3\" data-element_type=\"widget\" data-widget_type=\"heading.default\">\n\t\t\t\t<div class=\"elementor-widget-container\">\n\t\t\t\t\t<h2 class=\"elementor-heading-title elementor-size-default\">Erfahrungen unserer Leser<\/h2>\t\t\t\t<\/div>\n\t\t\t\t<\/div>\n\t\t\t\t<\/div>\n\t\t<div class=\"elementor-element elementor-element-4b75d60e e-con-full e-flex e-con e-child\" data-id=\"4b75d60e\" data-element_type=\"container\">\n\t\t<div class=\"elementor-element elementor-element-4741ca41 e-flex e-con-boxed e-con e-child\" data-id=\"4741ca41\" data-element_type=\"container\">\n\t\t\t\t\t<div class=\"e-con-inner\">\n\t\t<div class=\"elementor-element elementor-element-19fb3ea7 e-con-full e-flex e-con e-child\" data-id=\"19fb3ea7\" data-element_type=\"container\">\n\t\t\t\t<div class=\"elementor-element elementor-element-7a49dd7c elementor--star-style-star_unicode elementor-star-rating--align-center elementor-widget elementor-widget-star-rating\" data-id=\"7a49dd7c\" data-element_type=\"widget\" data-widget_type=\"star-rating.default\">\n\t\t\t\t<div class=\"elementor-widget-container\">\n\t\t\t\t\t\n\t\t<div class=\"elementor-star-rating__wrapper\">\n\t\t\t\t\t\t<div class=\"elementor-star-rating\" title=\"5\/5\" itemtype=\"http:\/\/schema.org\/Rating\" itemscope=\"\" itemprop=\"reviewRating\"><i class=\"elementor-star-full\">&#9733;<\/i><i class=\"elementor-star-full\">&#9733;<\/i><i class=\"elementor-star-full\">&#9733;<\/i><i class=\"elementor-star-full\">&#9733;<\/i><i class=\"elementor-star-full\">&#9733;<\/i> <span itemprop=\"ratingValue\" class=\"elementor-screen-only\">5\/5<\/span><\/div>\t\t<\/div>\n\t\t\t\t\t\t<\/div>\n\t\t\t\t<\/div>\n\t\t\t\t<div class=\"elementor-element elementor-element-4380552a elementor-blockquote--skin-clean elementor-blockquote--align-center elementor-blockquote--button-color-official elementor-widget elementor-widget-blockquote\" data-id=\"4380552a\" data-element_type=\"widget\" data-widget_type=\"blockquote.default\">\n\t\t\t\t<div class=\"elementor-widget-container\">\n\t\t\t\t\t\t\t<blockquote class=\"elementor-blockquote\">\n\t\t\t<p class=\"elementor-blockquote__content\">\n\t\t\t\t\u201eDie Tipps von Mia haben meine Reiseplanung so viel einfacher gemacht! Ich habe viel gespart und unvergessliche Erlebnisse gehabt.\u201c\t\t\t<\/p>\n\t\t\t\t\t\t\t<div class=\"e-q-footer\">\n\t\t\t\t\t\t\t\t\t\t\t<cite class=\"elementor-blockquote__author\">Anna M\u00fcller<\/cite>\n\t\t\t\t\t\t\t\t\t\t\t\t\t\t<\/div>\n\t\t\t\t\t<\/blockquote>\n\t\t\t\t\t\t<\/div>\n\t\t\t\t<\/div>\n\t\t\t\t<\/div>\n\t\t<div class=\"elementor-element elementor-element-74cca9b7 e-con-full e-flex e-con e-child\" data-id=\"74cca9b7\" data-element_type=\"container\">\n\t\t\t\t<div class=\"elementor-element elementor-element-104985d elementor--star-style-star_unicode elementor-star-rating--align-center elementor-widget elementor-widget-star-rating\" data-id=\"104985d\" data-element_type=\"widget\" data-widget_type=\"star-rating.default\">\n\t\t\t\t<div class=\"elementor-widget-container\">\n\t\t\t\t\t\n\t\t<div class=\"elementor-star-rating__wrapper\">\n\t\t\t\t\t\t<div class=\"elementor-star-rating\" title=\"5\/5\" itemtype=\"http:\/\/schema.org\/Rating\" itemscope=\"\" itemprop=\"reviewRating\"><i class=\"elementor-star-full\">&#9733;<\/i><i class=\"elementor-star-full\">&#9733;<\/i><i class=\"elementor-star-full\">&#9733;<\/i><i class=\"elementor-star-full\">&#9733;<\/i><i class=\"elementor-star-full\">&#9733;<\/i> <span itemprop=\"ratingValue\" class=\"elementor-screen-only\">5\/5<\/span><\/div>\t\t<\/div>\n\t\t\t\t\t\t<\/div>\n\t\t\t\t<\/div>\n\t\t\t\t<div class=\"elementor-element elementor-element-4154dd2d elementor-blockquote--skin-clean elementor-blockquote--align-center elementor-blockquote--button-color-official elementor-widget elementor-widget-blockquote\" data-id=\"4154dd2d\" data-element_type=\"widget\" data-widget_type=\"blockquote.default\">\n\t\t\t\t<div class=\"elementor-widget-container\">\n\t\t\t\t\t\t\t<blockquote class=\"elementor-blockquote\">\n\t\t\t<p class=\"elementor-blockquote__content\">\n\t\t\t\t\u201eDank Mias Ratschl\u00e4gen habe ich meine Reise mit kleinem Budget perfekt geplant. Unbedingt ausprobieren!\u201c\t\t\t<\/p>\n\t\t\t\t\t\t\t<div class=\"e-q-footer\">\n\t\t\t\t\t\t\t\t\t\t\t<cite class=\"elementor-blockquote__author\">Maximilian Schmid<\/cite>\n\t\t\t\t\t\t\t\t\t\t\t\t\t\t<\/div>\n\t\t\t\t\t<\/blockquote>\n\t\t\t\t\t\t<\/div>\n\t\t\t\t<\/div>\n\t\t\t\t<\/div>\n\t\t\t\t\t<\/div>\n\t\t\t\t<\/div>\n\t\t<div class=\"elementor-element elementor-element-3db4e6b6 e-flex e-con-boxed e-con e-child\" data-id=\"3db4e6b6\" data-element_type=\"container\">\n\t\t\t\t\t<div class=\"e-con-inner\">\n\t\t<div class=\"elementor-element elementor-element-2c043ce1 e-con-full e-flex e-con e-child\" data-id=\"2c043ce1\" data-element_type=\"container\">\n\t\t\t\t<div class=\"elementor-element elementor-element-14d8664 elementor--star-style-star_unicode elementor-star-rating--align-center elementor-widget elementor-widget-star-rating\" data-id=\"14d8664\" data-element_type=\"widget\" data-widget_type=\"star-rating.default\">\n\t\t\t\t<div class=\"elementor-widget-container\">\n\t\t\t\t\t\n\t\t<div class=\"elementor-star-rating__wrapper\">\n\t\t\t\t\t\t<div class=\"elementor-star-rating\" title=\"5\/5\" itemtype=\"http:\/\/schema.org\/Rating\" itemscope=\"\" itemprop=\"reviewRating\"><i class=\"elementor-star-full\">&#9733;<\/i><i class=\"elementor-star-full\">&#9733;<\/i><i class=\"elementor-star-full\">&#9733;<\/i><i class=\"elementor-star-full\">&#9733;<\/i><i class=\"elementor-star-full\">&#9733;<\/i> <span itemprop=\"ratingValue\" class=\"elementor-screen-only\">5\/5<\/span><\/div>\t\t<\/div>\n\t\t\t\t\t\t<\/div>\n\t\t\t\t<\/div>\n\t\t\t\t<div class=\"elementor-element elementor-element-33b1fcd0 elementor-blockquote--skin-clean elementor-blockquote--align-center elementor-blockquote--button-color-official elementor-widget elementor-widget-blockquote\" data-id=\"33b1fcd0\" data-element_type=\"widget\" data-widget_type=\"blockquote.default\">\n\t\t\t\t<div class=\"elementor-widget-container\">\n\t\t\t\t\t\t\t<blockquote class=\"elementor-blockquote\">\n\t\t\t<p class=\"elementor-blockquote__content\">\n\t\t\t\t\u201eDie Ideen und Tricks von Mia haben mir geholfen, Geld zu sparen und aufregende Orte zu entdecken!\u201c\t\t\t<\/p>\n\t\t\t\t\t\t\t<div class=\"e-q-footer\">\n\t\t\t\t\t\t\t\t\t\t\t<cite class=\"elementor-blockquote__author\">Lisa Schneider<\/cite>\n\t\t\t\t\t\t\t\t\t\t\t\t\t\t<\/div>\n\t\t\t\t\t<\/blockquote>\n\t\t\t\t\t\t<\/div>\n\t\t\t\t<\/div>\n\t\t\t\t<\/div>\n\t\t<div class=\"elementor-element elementor-element-4e6d0b51 e-con-full e-flex e-con e-child\" data-id=\"4e6d0b51\" data-element_type=\"container\">\n\t\t\t\t<div class=\"elementor-element elementor-element-7db42d8c elementor--star-style-star_unicode elementor-star-rating--align-center elementor-widget elementor-widget-star-rating\" data-id=\"7db42d8c\" data-element_type=\"widget\" data-widget_type=\"star-rating.default\">\n\t\t\t\t<div class=\"elementor-widget-container\">\n\t\t\t\t\t\n\t\t<div class=\"elementor-star-rating__wrapper\">\n\t\t\t\t\t\t<div class=\"elementor-star-rating\" title=\"5\/5\" itemtype=\"http:\/\/schema.org\/Rating\" itemscope=\"\" itemprop=\"reviewRating\"><i class=\"elementor-star-full\">&#9733;<\/i><i class=\"elementor-star-full\">&#9733;<\/i><i class=\"elementor-star-full\">&#9733;<\/i><i class=\"elementor-star-full\">&#9733;<\/i><i class=\"elementor-star-full\">&#9733;<\/i> <span itemprop=\"ratingValue\" class=\"elementor-screen-only\">5\/5<\/span><\/div>\t\t<\/div>\n\t\t\t\t\t\t<\/div>\n\t\t\t\t<\/div>\n\t\t\t\t<div class=\"elementor-element elementor-element-34ca57d8 elementor-blockquote--skin-clean elementor-blockquote--align-center elementor-blockquote--button-color-official elementor-widget elementor-widget-blockquote\" data-id=\"34ca57d8\" data-element_type=\"widget\" data-widget_type=\"blockquote.default\">\n\t\t\t\t<div class=\"elementor-widget-container\">\n\t\t\t\t\t\t\t<blockquote class=\"elementor-blockquote\">\n\t\t\t<p class=\"elementor-blockquote__content\">\n\t\t\t\t\u201eIch h\u00e4tte nie gedacht, dass man mit kleinem Budget so viel erleben kann. Mias Tipps sind Gold wert!\u201c\t\t\t<\/p>\n\t\t\t\t\t\t\t<div class=\"e-q-footer\">\n\t\t\t\t\t\t\t\t\t\t\t<cite class=\"elementor-blockquote__author\">Jonas Lutz<\/cite>\n\t\t\t\t\t\t\t\t\t\t\t\t\t\t<\/div>\n\t\t\t\t\t<\/blockquote>\n\t\t\t\t\t\t<\/div>\n\t\t\t\t<\/div>\n\t\t\t\t<\/div>\n\t\t\t\t\t<\/div>\n\t\t\t\t<\/div>\n\t\t\t\t<\/div>\n\t\t\t\t\t<\/div>\n\t\t\t\t<\/div>\n\t\t<div class=\"elementor-element elementor-element-2901a6cc e-flex e-con-boxed e-con e-parent\" data-id=\"2901a6cc\" data-element_type=\"container\">\n\t\t\t\t\t<div class=\"e-con-inner\">\n\t\t\t\t<div class=\"elementor-element elementor-element-603b937d elementor-widget elementor-widget-heading\" data-id=\"603b937d\" data-element_type=\"widget\" data-widget_type=\"heading.default\">\n\t\t\t\t<div class=\"elementor-widget-container\">\n\t\t\t\t\t<h2 class=\"elementor-heading-title elementor-size-default\">Entdecke Mias Abenteuer<\/h2>\t\t\t\t<\/div>\n\t\t\t\t<\/div>\n\t\t\t\t<div class=\"elementor-element elementor-element-6914baa3 elementor-widget elementor-widget-heading\" data-id=\"6914baa3\" data-element_type=\"widget\" data-widget_type=\"heading.default\">\n\t\t\t\t<div class=\"elementor-widget-container\">\n\t\t\t\t\t<h5 class=\"elementor-heading-title elementor-size-default\">Hier findest du die neuesten Eindr\u00fccke von Mias Reisen. Lass dich inspirieren und entdecke die Welt durch ihre Augen.<\/h5>\t\t\t\t<\/div>\n\t\t\t\t<\/div>\n\t\t<div class=\"elementor-element elementor-element-492e067b e-grid e-con-boxed e-con e-child\" data-id=\"492e067b\" data-element_type=\"container\">\n\t\t\t\t\t<div class=\"e-con-inner\">\n\t\t\t\t\t<\/div>\n\t\t\t\t<\/div>\n\t\t\t\t\t<\/div>\n\t\t\t\t<\/div>\n\t\t<div class=\"elementor-element elementor-element-63815862 e-flex e-con-boxed e-con e-parent\" data-id=\"63815862\" data-element_type=\"container\" data-settings=\"{&quot;background_background&quot;:&quot;classic&quot;}\">\n\t\t\t\t\t<div class=\"e-con-inner\">\n\t\t<div class=\"elementor-element elementor-element-79a1425 e-flex e-con-boxed e-con e-child\" data-id=\"79a1425\" data-element_type=\"container\" data-settings=\"{&quot;background_background&quot;:&quot;classic&quot;}\">\n\t\t\t\t\t<div class=\"e-con-inner\">\n\t\t<div class=\"elementor-element elementor-element-5322a8b8 e-con-full e-flex e-con e-child\" data-id=\"5322a8b8\" data-element_type=\"container\">\n\t\t\t\t<div class=\"elementor-element elementor-element-72f37c74 elementor-widget elementor-widget-heading\" data-id=\"72f37c74\" data-element_type=\"widget\" data-widget_type=\"heading.default\">\n\t\t\t\t<div class=\"elementor-widget-container\">\n\t\t\t\t\t<h2 class=\"elementor-heading-title elementor-size-default\">Erlebe das Abenteuer deines Lebens!<\/h2>\t\t\t\t<\/div>\n\t\t\t\t<\/div>\n\t\t\t\t<div class=\"elementor-element elementor-element-237f025b elementor-widget elementor-widget-text-editor\" data-id=\"237f025b\" data-element_type=\"widget\" data-widget_type=\"text-editor.default\">\n\t\t\t\t<div class=\"elementor-widget-container\">\n\t\t\t\t\t\t\t\t\t<p>Trage dich in unseren Newsletter ein und erhalte spannende Tipps und exklusive Updates zu den besten Abenteuerreisen! Lass uns gemeinsam neue Horizonte entdecken und Budget-Tipps f\u00fcr junge Reisende teilen.<\/p>\t\t\t\t\t\t\t\t<\/div>\n\t\t\t\t<\/div>\n\t\t\t\t<div class=\"elementor-element elementor-element-3b11b32c elementor-mobile-button-align-stretch elementor-button-align-stretch elementor-widget elementor-widget-form\" data-id=\"3b11b32c\" data-element_type=\"widget\" data-settings=\"{&quot;button_width&quot;:&quot;25&quot;,&quot;step_next_label&quot;:&quot;Weiter&quot;,&quot;step_previous_label&quot;:&quot;Zur\\u00fcck&quot;,&quot;button_width_tablet&quot;:&quot;40&quot;,&quot;button_width_mobile&quot;:&quot;100&quot;,&quot;step_type&quot;:&quot;number_text&quot;,&quot;step_icon_shape&quot;:&quot;circle&quot;}\" data-widget_type=\"form.default\">\n\t\t\t\t<div class=\"elementor-widget-container\">\n\t\t\t\t\t\t\t<form class=\"elementor-form\" method=\"post\" name=\"Newsletter Anmeldung\" aria-label=\"Newsletter Anmeldung\">\n\t\t\t<input type=\"hidden\" name=\"post_id\" value=\"35\"\/>\n\t\t\t<input type=\"hidden\" name=\"form_id\" value=\"3b11b32c\"\/>\n\t\t\t<input type=\"hidden\" name=\"referer_title\" value=\"\" \/>\n\n\t\t\t\n\t\t\t<div class=\"elementor-form-fields-wrapper elementor-labels-above\">\n\t\t\t\t\t\t\t\t<div class=\"elementor-field-type-email elementor-field-group elementor-column elementor-field-group-email elementor-col-75 elementor-md-60\">\n\t\t\t\t\t\t\t\t\t\t\t\t\t<input size=\"1\" type=\"email\" name=\"form_fields[email]\" id=\"form-field-email\" class=\"elementor-field elementor-size-sm  elementor-field-textual\" placeholder=\"Gib deine E-Mail ein\">\n\t\t\t\t\t\t\t\t\t\t\t<\/div>\n\t\t\t\t\t\t\t\t<div class=\"elementor-field-group elementor-column elementor-field-type-submit elementor-col-25 e-form__buttons elementor-md-40 elementor-sm-100\">\n\t\t\t\t\t<button class=\"elementor-button elementor-size-sm\" type=\"submit\">\n\t\t\t\t\t\t<span class=\"elementor-button-content-wrapper\">\n\t\t\t\t\t\t\t\t\t\t\t\t\t\t\t\t\t\t\t\t\t\t<span class=\"elementor-button-text\">Jetzt anmelden<\/span>\n\t\t\t\t\t\t\t\t\t\t\t\t\t<\/span>\n\t\t\t\t\t<\/button>\n\t\t\t\t<\/div>\n\t\t\t<\/div>\n\t\t<\/form>\n\t\t\t\t\t\t<\/div>\n\t\t\t\t<\/div>\n\t\t\t\t<div class=\"elementor-element elementor-element-21f5a87f elementor-widget elementor-widget-text-editor\" data-id=\"21f5a87f\" data-element_type=\"widget\" data-widget_type=\"text-editor.default\">\n\t\t\t\t<div class=\"elementor-widget-container\">\n\t\t\t\t\t\t\t\t\t<p>Mit deiner Anmeldung best\u00e4tigst du, dass du unsere Datenschutzbestimmungen akzeptierst.<\/p>\t\t\t\t\t\t\t\t<\/div>\n\t\t\t\t<\/div>\n\t\t\t\t<\/div>\n\t\t\t\t\t<\/div>\n\t\t\t\t<\/div>\n\t\t\t\t\t<\/div>\n\t\t\t\t<\/div>\n\t\t<div class=\"elementor-element elementor-element-467d5a8c e-con-full e-flex e-con e-parent\" data-id=\"467d5a8c\" data-element_type=\"container\">\n\t\t<div class=\"elementor-element elementor-element-52d3cc23 e-con-full e-flex e-con e-child\" data-id=\"52d3cc23\" data-element_type=\"container\" data-settings=\"{&quot;background_background&quot;:&quot;classic&quot;}\">\n\t\t\t\t<\/div>\n\t\t<div class=\"elementor-element elementor-element-3bcb2245 e-con-full e-flex e-con e-child\" data-id=\"3bcb2245\" data-element_type=\"container\">\n\t\t\t\t<div class=\"elementor-element elementor-element-64c75870 elementor-widget elementor-widget-heading\" data-id=\"64c75870\" data-element_type=\"widget\" data-widget_type=\"heading.default\">\n\t\t\t\t<div class=\"elementor-widget-container\">\n\t\t\t\t\t<h1 class=\"elementor-heading-title elementor-size-default\">Entdecke die Welt mit Mias Abenteuer<\/h1>\t\t\t\t<\/div>\n\t\t\t\t<\/div>\n\t\t\t\t<div class=\"elementor-element elementor-element-30771c2e elementor-widget__width-initial elementor-widget-mobile__width-inherit elementor-widget elementor-widget-text-editor\" data-id=\"30771c2e\" data-element_type=\"widget\" data-widget_type=\"text-editor.default\">\n\t\t\t\t<div class=\"elementor-widget-container\">\n\t\t\t\t\t\t\t\t\t<p>Begib dich auf eine Reise voller Erlebnisse und Inspirationen. Lass dich von Mias Geschichten mitrei\u00dfen und entdecke n\u00fctzliche Tipps f\u00fcr deine eigenen Abenteuer.<\/p>\t\t\t\t\t\t\t\t<\/div>\n\t\t\t\t<\/div>\n\t\t\t\t<div class=\"elementor-element elementor-element-17a7c6fd elementor-widget__width-auto elementor-widget elementor-widget-button\" data-id=\"17a7c6fd\" data-element_type=\"widget\" data-widget_type=\"button.default\">\n\t\t\t\t<div class=\"elementor-widget-container\">\n\t\t\t\t\t\t\t\t\t<div class=\"elementor-button-wrapper\">\n\t\t\t\t\t<a class=\"elementor-button elementor-button-link elementor-size-sm\" href=\"#\">\n\t\t\t\t\t\t<span class=\"elementor-button-content-wrapper\">\n\t\t\t\t\t\t\t\t\t<span class=\"elementor-button-text\">Mehr erfahren<\/span>\n\t\t\t\t\t<\/span>\n\t\t\t\t\t<\/a>\n\t\t\t\t<\/div>\n\t\t\t\t\t\t\t\t<\/div>\n\t\t\t\t<\/div>\n\t\t\t\t<\/div>\n\t\t\t\t<\/div>\n\t\t\t\t<\/div>\n\t\t","protected":false},"excerpt":{"rendered":"<p>Entdecke die Welt mit Mia Willkommen in Mias Abenteuerwelt! Hier findest du inspirierende Geschichten und n\u00fctzliche Tipps f\u00fcr deine Reisen.Erfahre mehr Budgetfreundliche Tipps Lerne, wie du das Beste aus deinem Budget herausholst und unvergessliche Erlebnisse sammelst.Mehr erfahren Werde Teil der Abenteuer Begleite Mia auf ihren Reisen und erlebe die Freiheit des Alleinreisens. Es gibt so <a href=\"https:\/\/sneakycoins.com\/?page_id=35\" class=\"more-link\">&#8230;<span class=\"screen-reader-text\">  Startseite<\/span><\/a><\/p>\n","protected":false},"author":1,"featured_media":0,"parent":0,"menu_order":0,"comment_status":"closed","ping_status":"closed","template":"","meta":{"footnotes":""},"class_list":["post-35","page","type-page","status-publish","hentry"],"_links":{"self":[{"href":"https:\/\/sneakycoins.com\/index.php?rest_route=\/wp\/v2\/pages\/35","targetHints":{"allow":["GET"]}}],"collection":[{"href":"https:\/\/sneakycoins.com\/index.php?rest_route=\/wp\/v2\/pages"}],"about":[{"href":"https:\/\/sneakycoins.com\/index.php?rest_route=\/wp\/v2\/types\/page"}],"author":[{"embeddable":true,"href":"https:\/\/sneakycoins.com\/index.php?rest_route=\/wp\/v2\/users\/1"}],"replies":[{"embeddable":true,"href":"https:\/\/sneakycoins.com\/index.php?rest_route=%2Fwp%2Fv2%2Fcomments&post=35"}],"version-history":[{"count":4,"href":"https:\/\/sneakycoins.com\/index.php?rest_route=\/wp\/v2\/pages\/35\/revisions"}],"predecessor-version":[{"id":68,"href":"https:\/\/sneakycoins.com\/index.php?rest_route=\/wp\/v2\/pages\/35\/revisions\/68"}],"wp:attachment":[{"href":"https:\/\/sneakycoins.com\/index.php?rest_route=%2Fwp%2Fv2%2Fmedia&parent=35"}],"curies":[{"name":"wp","href":"https:\/\/api.w.org\/{rel}","templated":true}]}}